{"id":1431,"date":"2024-12-04T17:37:48","date_gmt":"2024-12-04T17:37:48","guid":{"rendered":"https:\/\/palegoldenrod-spider-453748.hostingersite.com\/?page_id=1431"},"modified":"2024-12-04T17:37:48","modified_gmt":"2024-12-04T17:37:48","slug":"register","status":"publish","type":"page","link":"https:\/\/munkelonline.com\/es\/register\/","title":{"rendered":"Register"},"content":{"rendered":"<div class=\"form-container form-container__register_c\">\n        <div class=\"login-column\">\n            <div class=\"woocommerce\"><\/div>        <\/div>\n        <div class=\"register-column\">\n           \n             <h2>Reg\u00edstrate ahora<\/h2>            <form method=\"post\" class=\"custom-register-form har\" novalidate action=\"\">\n                <p>\n                    <label for=\"reg_name\">Nombre <span class=\"required\">*<\/span><\/label>\n                    <input type=\"text\" name=\"reg_name\" id=\"reg_name\" required placeholder=\"Ex: Juan Carlos\" value=\"\">\n                <\/p>\n                <p>\n                    <label for=\"reg_surname\">Apellido <span class=\"required\">*<\/span><\/label>\n                    <input type=\"text\" name=\"reg_surname\" id=\"reg_surname\" required placeholder=\"Ex: L\u00f3pez Garc\u00eda\" value=\"\">\n                <\/p>\n                <p>\n                    <label for=\"reg_phone\">Tel\u00e9fono <span class=\"required\">*<\/span><\/label>\n                    <input type=\"text\" name=\"reg_phone\" id=\"reg_phone\" required placeholder=\"Ex: (555) 1234-5678\" value=\"\">\n                <\/p>\n                <p>\n                    <label for=\"reg_email\">Correo <span class=\"required\">*<\/span><\/label>\n                    <input type=\"email\" name=\"reg_email\" id=\"reg_email\" required placeholder=\"Ex: email@example.com\" value=\"\">\n                <\/p>\n                <p>\n                    <label for=\"reg_password\">Contrase\u00f1a <span class=\"required\">*<\/span><\/label>\n                    <div class=\"password-wrapper\">\n                        <input type=\"password\" name=\"reg_password\" id=\"reg_password\" required value=\"\">\n                        <span class=\"toggle-password\" onclick=\"togglePassword('reg_password')\"><\/span>\n                    <\/div>\n                    <small>Sugerencia: La contrase\u00f1a debe tener al menos 12 caracteres. Para hacerlo m\u00e1s fuerte, use letras may\u00fasculas y min\u00fasculas, n\u00fameros y s\u00edmbolos como! \" ? $ % ^ &amp; ).<\/small>\n                <\/p>\n                <p>\n                    <label for=\"reg_confirm_password\">confirmar Contrase\u00f1a <span class=\"required\">*<\/span><\/label>\n                    <div class=\"password-wrapper\">\n                        <input type=\"password\" name=\"reg_confirm_password\" id=\"reg_confirm_password\" required value=\"\">\n                        <span class=\"toggle-password\" onclick=\"togglePassword('reg_confirm_password')\"><\/span>\n                    <\/div>\n                <\/p>\n                <p>\n                    <label>\n                        <input type=\"checkbox\" name=\"reg_newsletter\" value=\"yes\" >                         \n                        Quiero suscribirme al newsletter                    <\/label>\n                <\/p>\n                <div class=\"g-recaptcha\" data-sitekey=\"6LeGOMYqAAAAAC9xJiV6Jb6j7FrztL_r7bod0dRu\"><\/div>\n                <p id=\"recaptcha-error\" style=\"color: red; display: none;\">reCAPTCHA Verification failed.<\/p>\n                <p>\n                    <button type=\"submit\" name=\"register\">Sign Up<\/button>\n                <\/p>\n            <input type=\"hidden\" name=\"trp-form-language\" value=\"es\"\/><\/form>\n        <\/div>\n    <\/div>\n    <style>\n        .password-wrapper {\n            position: relative;\n            display: flex;\n            align-items: center;\n        }\n        .password-wrapper input {\n            flex: 1;\n        }\n        .toggle-password {\n            position: absolute;\n            right: 10px;\n            cursor: pointer;\n            font-size: 18px;\n        }\n        .toggle-password::after {\n            font-family: WooCommerce;\n            speak: never;\n            font-weight: 400;\n            font-variant: normal;\n            text-transform: none;\n            line-height: 1;\n            -webkit-font-smoothing: antialiased;\n            margin-left: .618em;\n            content: \"\\e010\";\n            text-decoration: none;\n        }\n    <\/style>\n    <script>\n        function togglePassword(fieldId) {\n            const passwordField = document.getElementById(fieldId);\n            if (passwordField.type === 'password') {\n                passwordField.type = 'text';\n            } else {\n                passwordField.type = 'password';\n            }\n        }\n    <\/script>\n    <script>\n    document.addEventListener(\"DOMContentLoaded\", function() {\n        let form = document.querySelector(\".custom-register-form\");\n        let registerButton = document.getElementById(\"register-submit\");\n        let recaptchaResponse = document.getElementById(\"g-recaptcha-response\");\n\n        form.addEventListener(\"submit\", function(event) {\n            if (recaptchaResponse.value.trim() === \"\") {\n\/\/              event.preventDefault();\n\/\/              alert(\"Please complete the reCAPTCHA verification.\");\n            }\n        });\n\n        function checkRecaptcha() {\n            if (recaptchaResponse.value.trim() !== \"\") {\n                registerButton.removeAttribute(\"disabled\");\n            }\n        }\n\n        setInterval(checkRecaptcha, 1000);\n    });\n\n    <\/script>","protected":false},"excerpt":{"rendered":"","protected":false},"author":1,"featured_media":0,"parent":0,"menu_order":0,"comment_status":"closed","ping_status":"closed","template":"","meta":{"_acf_changed":false,"inline_featured_image":false,"footnotes":""},"class_list":["post-1431","page","type-page","status-publish","hentry"],"acf":[],"_links":{"self":[{"href":"https:\/\/munkelonline.com\/es\/wp-json\/wp\/v2\/pages\/1431","targetHints":{"allow":["GET"]}}],"collection":[{"href":"https:\/\/munkelonline.com\/es\/wp-json\/wp\/v2\/pages"}],"about":[{"href":"https:\/\/munkelonline.com\/es\/wp-json\/wp\/v2\/types\/page"}],"author":[{"embeddable":true,"href":"https:\/\/munkelonline.com\/es\/wp-json\/wp\/v2\/users\/1"}],"replies":[{"embeddable":true,"href":"https:\/\/munkelonline.com\/es\/wp-json\/wp\/v2\/comments?post=1431"}],"version-history":[{"count":1,"href":"https:\/\/munkelonline.com\/es\/wp-json\/wp\/v2\/pages\/1431\/revisions"}],"predecessor-version":[{"id":1432,"href":"https:\/\/munkelonline.com\/es\/wp-json\/wp\/v2\/pages\/1431\/revisions\/1432"}],"wp:attachment":[{"href":"https:\/\/munkelonline.com\/es\/wp-json\/wp\/v2\/media?parent=1431"}],"curies":[{"name":"wp","href":"https:\/\/api.w.org\/{rel}","templated":true}]}}