{"id":48,"date":"2024-10-11T13:01:26","date_gmt":"2024-10-11T13:01:26","guid":{"rendered":"https:\/\/palegoldenrod-spider-453748.hostingersite.com\/cart\/"},"modified":"2025-03-06T21:36:31","modified_gmt":"2025-03-06T21:36:31","slug":"cart","status":"publish","type":"page","link":"https:\/\/munkelonline.com\/es\/cart\/","title":{"rendered":"Cart"},"content":{"rendered":"<div data-elementor-type=\"wp-page\" data-elementor-id=\"48\" class=\"elementor elementor-48\" data-elementor-post-type=\"page\">\n\t\t\t\t<div class=\"elementor-element elementor-element-3c9df44b e-flex e-con-boxed e-con e-parent\" data-id=\"3c9df44b\" data-element_type=\"container\" id=\"warning-message\">\n\t\t\t\t\t<div class=\"e-con-inner\">\n\t\t\t\t<div class=\"elementor-element elementor-element-7376eb8 elementor-widget elementor-widget-shortcode\" data-id=\"7376eb8\" data-element_type=\"widget\" data-widget_type=\"shortcode.default\">\n\t\t\t\t<div class=\"elementor-widget-container\">\n\t\t\t\t\t<div class=\"elementor-widget-container custom-warning-message\">\r\n    <div\r\n        style=\"border: 2px solid red; padding: 10px; background: #ffecec; color: #d8000c; font-weight: bold; margin-bottom: 15px;\" class=\"translation-block\">\u00a1Advertencia! Si el paciente (ser querido) en Nicaragua, al visitar la sucursal seleccionada, desea elegir un producto diferente al regalo comprado por su familiar en EE.UU., puede hacerlo. Sin embargo, deber\u00e1 pagar la diferencia de precio en \u00d3ptica M\u00fcnkel.<\/div>\r\n<\/div>\t\t<div class=\"elementor-shortcode\"><\/div>\n\t\t\t\t\t\t<\/div>\n\t\t\t\t<\/div>\n\t\t\t\t<div class=\"elementor-element elementor-element-da2a00 elementor-widget__width-inherit elementor-widget elementor-widget-text-editor\" data-id=\"da2a00\" data-element_type=\"widget\" data-widget_type=\"text-editor.default\">\n\t\t\t\t<div class=\"elementor-widget-container\">\n\t\t\t\t\t\t\t\t\t\n<div data-block-name=\"woocommerce\/cart\" class=\"wp-block-woocommerce-cart alignwide is-loading\">\n<div data-block-name=\"woocommerce\/filled-cart-block\" class=\"wp-block-woocommerce-filled-cart-block\">\n<div data-block-name=\"woocommerce\/cart-items-block\" class=\"wp-block-woocommerce-cart-items-block\">\n<div data-block-name=\"woocommerce\/cart-line-items-block\" class=\"wp-block-woocommerce-cart-line-items-block\">\u00a0<\/div>\n\n<div data-block-name=\"woocommerce\/cart-cross-sells-block\" class=\"wp-block-woocommerce-cart-cross-sells-block\">\n<h2 class=\"wp-block-heading has-large-font-size\">You may be interested in\u2026<\/h2>\n\n<div data-block-name=\"woocommerce\/cart-cross-sells-products-block\" class=\"wp-block-woocommerce-cart-cross-sells-products-block\">\u00a0<\/div>\n<\/div>\n<\/div>\n\n<div data-block-name=\"woocommerce\/cart-totals-block\" class=\"wp-block-woocommerce-cart-totals-block\">\n<div data-block-name=\"woocommerce\/cart-order-summary-block\" class=\"wp-block-woocommerce-cart-order-summary-block\">\n<div data-block-name=\"woocommerce\/cart-order-summary-heading-block\" class=\"wp-block-woocommerce-cart-order-summary-heading-block\">\u00a0<\/div><div data-block-name=\"woocommerce\/cart-order-summary-coupon-form-block\" class=\"wp-block-woocommerce-cart-order-summary-coupon-form-block\">\u00a0<\/div><div data-block-name=\"woocommerce\/cart-order-summary-totals-block\" class=\"wp-block-woocommerce-cart-order-summary-totals-block\">\n<div data-block-name=\"woocommerce\/cart-order-summary-subtotal-block\" class=\"wp-block-woocommerce-cart-order-summary-subtotal-block\">\u00a0<\/div>\n<div data-block-name=\"woocommerce\/cart-order-summary-discount-block\" class=\"wp-block-woocommerce-cart-order-summary-discount-block\">\u00a0<\/div>\n<div data-block-name=\"woocommerce\/cart-order-summary-fee-block\" class=\"wp-block-woocommerce-cart-order-summary-fee-block\">\u00a0<\/div>\n<div data-block-name=\"woocommerce\/cart-order-summary-shipping-block\" class=\"wp-block-woocommerce-cart-order-summary-shipping-block\">\u00a0<\/div>\n<div data-block-name=\"woocommerce\/cart-order-summary-taxes-block\" class=\"wp-block-woocommerce-cart-order-summary-taxes-block\">\u00a0<\/div><\/div>\n<\/div>\n\n<div data-block-name=\"woocommerce\/cart-express-payment-block\" class=\"wp-block-woocommerce-cart-express-payment-block\">\u00a0<\/div>\n\n<div data-block-name=\"woocommerce\/proceed-to-checkout-block\" class=\"wp-block-woocommerce-proceed-to-checkout-block\">\u00a0<\/div>\n\n<div data-block-name=\"woocommerce\/cart-accepted-payment-methods-block\" class=\"wp-block-woocommerce-cart-accepted-payment-methods-block\">\u00a0<\/div>\n<\/div>\n<\/div>\n\n<div data-block-name=\"woocommerce\/empty-cart-block\" class=\"wp-block-woocommerce-empty-cart-block\">\n<h2 class=\"wp-block-heading has-text-align-center with-empty-cart-icon wc-block-cart__empty-cart__title\">Your cart is currently empty!<\/h2>\n<hr class=\"wp-block-separator has-alpha-channel-opacity is-style-dots\" \/>\n<h2 class=\"wp-block-heading has-text-align-center\">New in store<\/h2>\n<div data-block-name=\"woocommerce\/product-new\" data-columns=\"4\" data-rows=\"1\" class=\"wc-block-grid wp-block-product-new wp-block-woocommerce-product-new wc-block-product-new has-4-columns\"><ul class=\"wc-block-grid__products\"><li class=\"wc-block-grid__product\">\n\t\t\t\t<a href=\"https:\/\/munkelonline.com\/es\/producto\/contact-lens-package\/\" class=\"wc-block-grid__product-link\">\n\t\t\t\t\t\n\t\t\t\t\t<div class=\"wc-block-grid__product-image\"><img fetchpriority=\"high\" decoding=\"async\" width=\"1024\" height=\"578\" src=\"https:\/\/munkelonline.com\/wp-content\/uploads\/2024\/12\/realistic-image-of-contact-lenses-with-a-clean-background-in-gray-blue-or-white-colors.jpg\" class=\"attachment-woocommerce_thumbnail size-woocommerce_thumbnail\" alt=\"Contact Lens Package\" srcset=\"https:\/\/munkelonline.com\/wp-content\/uploads\/2024\/12\/realistic-image-of-contact-lenses-with-a-clean-background-in-gray-blue-or-white-colors.jpg 1024w, https:\/\/munkelonline.com\/wp-content\/uploads\/2024\/12\/realistic-image-of-contact-lenses-with-a-clean-background-in-gray-blue-or-white-colors-300x169.jpg 300w, https:\/\/munkelonline.com\/wp-content\/uploads\/2024\/12\/realistic-image-of-contact-lenses-with-a-clean-background-in-gray-blue-or-white-colors-768x434.jpg 768w\" sizes=\"(max-width: 1024px) 100vw, 1024px\" \/><\/div>\n\t\t\t\t\t<div class=\"wc-block-grid__product-title\">Paquete Lentes de Contacto<\/div>\n\t\t\t\t<\/a>\n\t\t\t\t<div class=\"wc-block-grid__product-price price\"><span class=\"woocommerce-Price-amount amount\"><span class=\"woocommerce-Price-currencySymbol\">&#036;<\/span>75.00<\/span><\/div>\n\t\t\t\t\n\t\t\t\t<div class=\"wp-block-button wc-block-grid__product-add-to-cart\"><a href=\"https:\/\/munkelonline.com\/es\/producto\/contact-lens-package\/\" aria-label=\"Elige las opciones para \u201cContact Lens Package\u201d\" data-quantity=\"1\" data-product_id=\"1919\" data-product_sku=\"\" data-price=\"75\" rel=\"nofollow\" class=\"wp-block-button__link  add_to_cart_button\" data-no-translation=\"\" data-trp-gettext=\"\" data-no-translation-aria-label=\"\">Seleccionar opciones<\/a><\/div>\n\t\t\t<\/li><li class=\"wc-block-grid__product\">\n\t\t\t\t<a href=\"https:\/\/munkelonline.com\/es\/producto\/plus-bundle\/\" class=\"wc-block-grid__product-link\">\n\t\t\t\t\t\n\t\t\t\t\t<div class=\"wc-block-grid__product-image\"><img decoding=\"async\" width=\"1200\" height=\"641\" src=\"https:\/\/munkelonline.com\/wp-content\/uploads\/2024\/12\/Plus-Bundle-1-1-1200x641.jpg\" class=\"attachment-woocommerce_thumbnail size-woocommerce_thumbnail\" alt=\"Plus Bundle\" srcset=\"https:\/\/munkelonline.com\/wp-content\/uploads\/2024\/12\/Plus-Bundle-1-1-1200x641.jpg 1200w, https:\/\/munkelonline.com\/wp-content\/uploads\/2024\/12\/Plus-Bundle-1-1-300x160.jpg 300w, https:\/\/munkelonline.com\/wp-content\/uploads\/2024\/12\/Plus-Bundle-1-1-1024x547.jpg 1024w, https:\/\/munkelonline.com\/wp-content\/uploads\/2024\/12\/Plus-Bundle-1-1-768x410.jpg 768w, https:\/\/munkelonline.com\/wp-content\/uploads\/2024\/12\/Plus-Bundle-1-1-18x10.jpg 18w, https:\/\/munkelonline.com\/wp-content\/uploads\/2024\/12\/Plus-Bundle-1-1-64x34.jpg 64w, https:\/\/munkelonline.com\/wp-content\/uploads\/2024\/12\/Plus-Bundle-1-1.jpg 1203w\" sizes=\"(max-width: 1200px) 100vw, 1200px\" \/><\/div>\n\t\t\t\t\t<div class=\"wc-block-grid__product-title\">Paquete Plus<\/div>\n\t\t\t\t<\/a>\n\t\t\t\t<div class=\"wc-block-grid__product-price price\"><span class=\"woocommerce-Price-amount amount\"><span class=\"woocommerce-Price-currencySymbol\">&#036;<\/span>150.00<\/span><\/div>\n\t\t\t\t\n\t\t\t\t<div class=\"wp-block-button wc-block-grid__product-add-to-cart\"><a href=\"\/es\/wp-json\/wp\/v2\/pages\/48?add-to-cart=1902\" aria-label=\"A\u00f1adir al carrito: \u201cPlus Bundle\u201d\" data-quantity=\"1\" data-product_id=\"1902\" data-product_sku=\"\" data-price=\"150\" rel=\"nofollow\" class=\"wp-block-button__link  add_to_cart_button ajax_add_to_cart\" data-no-translation=\"\" data-trp-gettext=\"\" data-no-translation-aria-label=\"\">A\u00f1adir al carrito<\/a><\/div>\n\t\t\t<\/li><li class=\"wc-block-grid__product\">\n\t\t\t\t<a href=\"https:\/\/munkelonline.com\/es\/producto\/medium-bundle\/\" class=\"wc-block-grid__product-link\">\n\t\t\t\t\t\n\t\t\t\t\t<div class=\"wc-block-grid__product-image\"><img decoding=\"async\" width=\"1200\" height=\"720\" src=\"https:\/\/munkelonline.com\/wp-content\/uploads\/2024\/12\/Medium-Bundle-1-1-1200x720.png\" class=\"attachment-woocommerce_thumbnail size-woocommerce_thumbnail\" alt=\"Medium Bundle\" srcset=\"https:\/\/munkelonline.com\/wp-content\/uploads\/2024\/12\/Medium-Bundle-1-1-1200x720.png 1200w, https:\/\/munkelonline.com\/wp-content\/uploads\/2024\/12\/Medium-Bundle-1-1-300x180.png 300w, https:\/\/munkelonline.com\/wp-content\/uploads\/2024\/12\/Medium-Bundle-1-1-1024x615.png 1024w, https:\/\/munkelonline.com\/wp-content\/uploads\/2024\/12\/Medium-Bundle-1-1-768x461.png 768w, https:\/\/munkelonline.com\/wp-content\/uploads\/2024\/12\/Medium-Bundle-1-1-18x12.png 18w, https:\/\/munkelonline.com\/wp-content\/uploads\/2024\/12\/Medium-Bundle-1-1-64x38.png 64w, https:\/\/munkelonline.com\/wp-content\/uploads\/2024\/12\/Medium-Bundle-1-1.png 1203w\" sizes=\"(max-width: 1200px) 100vw, 1200px\" \/><\/div>\n\t\t\t\t\t<div class=\"wc-block-grid__product-title\">Paquete Medio<\/div>\n\t\t\t\t<\/a>\n\t\t\t\t<div class=\"wc-block-grid__product-price price\"><span class=\"woocommerce-Price-amount amount\"><span class=\"woocommerce-Price-currencySymbol\">&#036;<\/span>110.00<\/span><\/div>\n\t\t\t\t\n\t\t\t\t<div class=\"wp-block-button wc-block-grid__product-add-to-cart\"><a href=\"\/es\/wp-json\/wp\/v2\/pages\/48?add-to-cart=1894\" aria-label=\"A\u00f1adir al carrito: \u201cMedium Bundle\u201d\" data-quantity=\"1\" data-product_id=\"1894\" data-product_sku=\"\" data-price=\"110\" rel=\"nofollow\" class=\"wp-block-button__link  add_to_cart_button ajax_add_to_cart\" data-no-translation=\"\" data-trp-gettext=\"\" data-no-translation-aria-label=\"\">A\u00f1adir al carrito<\/a><\/div>\n\t\t\t<\/li><li class=\"wc-block-grid__product\">\n\t\t\t\t<a href=\"https:\/\/munkelonline.com\/es\/producto\/standard-bundle\/\" class=\"wc-block-grid__product-link\">\n\t\t\t\t\t\n\t\t\t\t\t<div class=\"wc-block-grid__product-image\"><img loading=\"lazy\" decoding=\"async\" width=\"1200\" height=\"720\" src=\"https:\/\/munkelonline.com\/wp-content\/uploads\/2024\/12\/HDG_6041-copia-2-1-1200x720.png\" class=\"attachment-woocommerce_thumbnail size-woocommerce_thumbnail\" alt=\"Standard Bundle\" srcset=\"https:\/\/munkelonline.com\/wp-content\/uploads\/2024\/12\/HDG_6041-copia-2-1-1200x720.png 1200w, https:\/\/munkelonline.com\/wp-content\/uploads\/2024\/12\/HDG_6041-copia-2-1-300x180.png 300w, https:\/\/munkelonline.com\/wp-content\/uploads\/2024\/12\/HDG_6041-copia-2-1-1024x615.png 1024w, https:\/\/munkelonline.com\/wp-content\/uploads\/2024\/12\/HDG_6041-copia-2-1-768x461.png 768w, https:\/\/munkelonline.com\/wp-content\/uploads\/2024\/12\/HDG_6041-copia-2-1-18x12.png 18w, https:\/\/munkelonline.com\/wp-content\/uploads\/2024\/12\/HDG_6041-copia-2-1-64x38.png 64w, https:\/\/munkelonline.com\/wp-content\/uploads\/2024\/12\/HDG_6041-copia-2-1.png 1203w\" sizes=\"(max-width: 1200px) 100vw, 1200px\" \/><\/div>\n\t\t\t\t\t<div class=\"wc-block-grid__product-title\">Paquete Est\u00e1ndar<\/div>\n\t\t\t\t<\/a>\n\t\t\t\t<div class=\"wc-block-grid__product-price price\"><span class=\"woocommerce-Price-amount amount\"><span class=\"woocommerce-Price-currencySymbol\">&#036;<\/span>80.00<\/span><\/div>\n\t\t\t\t\n\t\t\t\t<div class=\"wp-block-button wc-block-grid__product-add-to-cart\"><a href=\"\/es\/wp-json\/wp\/v2\/pages\/48?add-to-cart=1886\" aria-label=\"A\u00f1adir al carrito: \u201cStandard Bundle\u201d\" data-quantity=\"1\" data-product_id=\"1886\" data-product_sku=\"\" data-price=\"80\" rel=\"nofollow\" class=\"wp-block-button__link  add_to_cart_button ajax_add_to_cart\" data-no-translation=\"\" data-trp-gettext=\"\" data-no-translation-aria-label=\"\">A\u00f1adir al carrito<\/a><\/div>\n\t\t\t<\/li><\/ul><\/div><\/div>\n<\/div>\n\t\t\t\t\t\t\t\t<\/div>\n\t\t\t\t<\/div>\n\t\t\t\t\t<\/div>\n\t\t\t\t<\/div>\n\t\t\t\t<\/div>","protected":false},"excerpt":{"rendered":"","protected":false},"author":1,"featured_media":0,"parent":0,"menu_order":0,"comment_status":"closed","ping_status":"closed","template":"","meta":{"_acf_changed":false,"inline_featured_image":false,"footnotes":""},"class_list":["post-48","page","type-page","status-publish","hentry"],"acf":[],"_links":{"self":[{"href":"https:\/\/munkelonline.com\/es\/wp-json\/wp\/v2\/pages\/48","targetHints":{"allow":["GET"]}}],"collection":[{"href":"https:\/\/munkelonline.com\/es\/wp-json\/wp\/v2\/pages"}],"about":[{"href":"https:\/\/munkelonline.com\/es\/wp-json\/wp\/v2\/types\/page"}],"author":[{"embeddable":true,"href":"https:\/\/munkelonline.com\/es\/wp-json\/wp\/v2\/users\/1"}],"replies":[{"embeddable":true,"href":"https:\/\/munkelonline.com\/es\/wp-json\/wp\/v2\/comments?post=48"}],"version-history":[{"count":62,"href":"https:\/\/munkelonline.com\/es\/wp-json\/wp\/v2\/pages\/48\/revisions"}],"predecessor-version":[{"id":6531,"href":"https:\/\/munkelonline.com\/es\/wp-json\/wp\/v2\/pages\/48\/revisions\/6531"}],"wp:attachment":[{"href":"https:\/\/munkelonline.com\/es\/wp-json\/wp\/v2\/media?parent=48"}],"curies":[{"name":"wp","href":"https:\/\/api.w.org\/{rel}","templated":true}]}}