{"id":5139,"date":"2025-01-29T07:13:19","date_gmt":"2025-01-29T07:13:19","guid":{"rendered":"https:\/\/munkelonline.com\/?page_id=5139"},"modified":"2025-02-28T09:58:19","modified_gmt":"2025-02-28T09:58:19","slug":"disclaimer-of-liability","status":"publish","type":"page","link":"https:\/\/munkelonline.com\/es\/disclaimer-of-liability\/","title":{"rendered":"Descargo de Responsabilidad"},"content":{"rendered":"<div data-elementor-type=\"wp-page\" data-elementor-id=\"5139\" class=\"elementor elementor-5139\" data-elementor-post-type=\"page\">\n\t\t\t\t<div class=\"elementor-element elementor-element-5b459d54 e-flex e-con-boxed e-con e-parent\" data-id=\"5b459d54\" data-element_type=\"container\" data-settings=\"{&quot;background_background&quot;:&quot;classic&quot;}\">\n\t\t\t\t\t<div class=\"e-con-inner\">\n\t\t<div class=\"elementor-element elementor-element-1b4ac1ed e-con-full e-flex e-con e-child\" data-id=\"1b4ac1ed\" data-element_type=\"container\">\n\t\t\t\t<div class=\"elementor-element elementor-element-d106bc1 elementor-widget elementor-widget-heading\" data-id=\"d106bc1\" data-element_type=\"widget\" data-widget_type=\"heading.default\">\n\t\t\t\t<div class=\"elementor-widget-container\">\n\t\t\t\t\t<h1 class=\"elementor-heading-title elementor-size-default\">Descargo de Responsabilidad<\/h1>\t\t\t\t<\/div>\n\t\t\t\t<\/div>\n\t\t\t\t<\/div>\n\t\t\t\t\t<\/div>\n\t\t\t\t<\/div>\n\t\t<div class=\"elementor-element elementor-element-a0752c privacy-policy e-flex e-con-boxed e-con e-parent\" data-id=\"a0752c\" data-element_type=\"container\">\n\t\t\t\t\t<div class=\"e-con-inner\">\n\t\t<div class=\"elementor-element elementor-element-44786144 e-con-full e-flex e-con e-child\" data-id=\"44786144\" data-element_type=\"container\">\n\t\t\t\t<div class=\"elementor-element elementor-element-1bdef1c8 elementor-widget elementor-widget-table-of-contents\" data-id=\"1bdef1c8\" data-element_type=\"widget\" data-settings=\"{&quot;headings_by_tags&quot;:[&quot;h2&quot;],&quot;exclude_headings_by_selector&quot;:[],&quot;marker_view&quot;:&quot;bullets&quot;,&quot;icon&quot;:{&quot;value&quot;:&quot;&quot;,&quot;library&quot;:&quot;&quot;},&quot;no_headings_message&quot;:&quot;No headings were found on this page.&quot;,&quot;min_height&quot;:{&quot;unit&quot;:&quot;px&quot;,&quot;size&quot;:&quot;&quot;,&quot;sizes&quot;:[]},&quot;min_height_widescreen&quot;:{&quot;unit&quot;:&quot;px&quot;,&quot;size&quot;:&quot;&quot;,&quot;sizes&quot;:[]},&quot;min_height_laptop&quot;:{&quot;unit&quot;:&quot;px&quot;,&quot;size&quot;:&quot;&quot;,&quot;sizes&quot;:[]},&quot;min_height_tablet_extra&quot;:{&quot;unit&quot;:&quot;px&quot;,&quot;size&quot;:&quot;&quot;,&quot;sizes&quot;:[]},&quot;min_height_tablet&quot;:{&quot;unit&quot;:&quot;px&quot;,&quot;size&quot;:&quot;&quot;,&quot;sizes&quot;:[]},&quot;min_height_mobile_extra&quot;:{&quot;unit&quot;:&quot;px&quot;,&quot;size&quot;:&quot;&quot;,&quot;sizes&quot;:[]},&quot;min_height_mobile&quot;:{&quot;unit&quot;:&quot;px&quot;,&quot;size&quot;:&quot;&quot;,&quot;sizes&quot;:[]}}\" data-widget_type=\"table-of-contents.default\">\n\t\t\t\t<div class=\"elementor-widget-container\">\n\t\t\t\t\t\t\t<div class=\"elementor-toc__header\">\n\t\t\t<h4 class=\"elementor-toc__header-title\">\n\t\t\t\tContenido\t\t\t<\/h4>\n\t\t\t\t\t<\/div>\n\t\t<div id=\"elementor-toc__1bdef1c8\" class=\"elementor-toc__body\">\n\t\t\t<div class=\"elementor-toc__spinner-container\">\n\t\t\t\t<svg class=\"elementor-toc__spinner eicon-animation-spin e-font-icon-svg e-eicon-loading\" aria-hidden=\"true\" viewbox=\"0 0 1000 1000\" xmlns=\"http:\/\/www.w3.org\/2000\/svg\"><path d=\"M500 975V858C696 858 858 696 858 500S696 142 500 142 142 304 142 500H25C25 237 238 25 500 25S975 237 975 500 763 975 500 975Z\"><\/path><\/svg>\t\t\t<\/div>\n\t\t<\/div>\n\t\t\t\t\t\t<\/div>\n\t\t\t\t<\/div>\n\t\t\t\t<\/div>\n\t\t<div class=\"elementor-element elementor-element-2c10f3da e-con-full e-flex e-con e-child\" data-id=\"2c10f3da\" data-element_type=\"container\">\n\t\t\t\t<div class=\"elementor-element elementor-element-6afd80f8 elementor-widget elementor-widget-heading\" data-id=\"6afd80f8\" data-element_type=\"widget\" data-widget_type=\"heading.default\">\n\t\t\t\t<div class=\"elementor-widget-container\">\n\t\t\t\t\t<h2 class=\"elementor-heading-title elementor-size-default\">Fecha de Vigencia: 22 de Enero de 2025<\/h2>\t\t\t\t<\/div>\n\t\t\t\t<\/div>\n\t\t\t\t<div class=\"elementor-element elementor-element-2a213fa8 elementor-widget elementor-widget-text-editor\" data-id=\"2a213fa8\" data-element_type=\"widget\" data-widget_type=\"text-editor.default\">\n\t\t\t\t<div class=\"elementor-widget-container\">\n\t\t\t\t\t\t\t\t\t<p>Al acceder o utilizar el sitio web de M\u00fcnkel Online, usted acepta los siguientes t\u00e9rminos y condiciones. Este Descargo de Responsabilidad establece las limitaciones de la responsabilidad de M\u00fcnkel Online con respecto al uso del sitio web y los productos ofrecidos.<\/p>\t\t\t\t\t\t\t\t<\/div>\n\t\t\t\t<\/div>\n\t\t\t\t<div class=\"elementor-element elementor-element-2d4b530a elementor-widget elementor-widget-heading\" data-id=\"2d4b530a\" data-element_type=\"widget\" data-widget_type=\"heading.default\">\n\t\t\t\t<div class=\"elementor-widget-container\">\n\t\t\t\t\t<h2 class=\"elementor-heading-title elementor-size-default\">1. C\u00f3mo Recopilamos Su Informaci\u00f3n Personal<\/h2>\t\t\t\t<\/div>\n\t\t\t\t<\/div>\n\t\t\t\t<div class=\"elementor-element elementor-element-48575068 elementor-widget elementor-widget-text-editor\" data-id=\"48575068\" data-element_type=\"widget\" data-widget_type=\"text-editor.default\">\n\t\t\t\t<div class=\"elementor-widget-container\">\n\t\t\t\t\t\t\t\t\t<p>M\u00fcnkel Online no hace representaciones ni garant\u00edas, expresas o impl\u00edcitas, sobre la exactitud, integridad o fiabilidad del sitio web, su contenido o cualquier producto vendido. El sitio y todos los materiales se proporcionan \"tal cual\", sin garant\u00edas o seguridades de ning\u00fan tipo, ya sean expresas o impl\u00edcitas.<\/p>\t\t\t\t\t\t\t\t<\/div>\n\t\t\t\t<\/div>\n\t\t\t\t<div class=\"elementor-element elementor-element-3b4a57bb elementor-widget elementor-widget-text-editor\" data-id=\"3b4a57bb\" data-element_type=\"widget\" data-widget_type=\"text-editor.default\">\n\t\t\t\t<div class=\"elementor-widget-container\">\n\t\t\t\t\t\t\t\t\t<p>No garantizamos que el sitio web est\u00e9 libre de errores, defectos, interrupciones o componentes da\u00f1inos como virus o malware. Tampoco aseguramos que el sitio web cumplir\u00e1 con sus requisitos o expectativas espec\u00edficas.<\/p>\t\t\t\t\t\t\t\t<\/div>\n\t\t\t\t<\/div>\n\t\t\t\t<div class=\"elementor-element elementor-element-3338bec8 elementor-widget elementor-widget-heading\" data-id=\"3338bec8\" data-element_type=\"widget\" data-widget_type=\"heading.default\">\n\t\t\t\t<div class=\"elementor-widget-container\">\n\t\t\t\t\t<h2 class=\"elementor-heading-title elementor-size-default\">2. Limitaci\u00f3n de Responsabilidad<\/h2>\t\t\t\t<\/div>\n\t\t\t\t<\/div>\n\t\t\t\t<div class=\"elementor-element elementor-element-7ac189c9 elementor-widget elementor-widget-text-editor\" data-id=\"7ac189c9\" data-element_type=\"widget\" data-widget_type=\"text-editor.default\">\n\t\t\t\t<div class=\"elementor-widget-container\">\n\t\t\t\t\t\t\t\t\t<p>En la m\u00e1xima medida permitida por la ley, M\u00fcnkel Online, sus afiliados, empleados, agentes o socios no ser\u00e1n responsables de ning\u00fan da\u00f1o directo, indirecto, incidental, especial, consecuente o punitivo, incluyendo, entre otros, la p\u00e9rdida de beneficios, p\u00e9rdida de datos o cualquier otro da\u00f1o derivado del uso o la imposibilidad de uso del sitio web, los productos o los servicios de M\u00fcnkel Online.<\/p>\t\t\t\t\t\t\t\t<\/div>\n\t\t\t\t<\/div>\n\t\t\t\t<div class=\"elementor-element elementor-element-4029f6aa elementor-widget elementor-widget-text-editor\" data-id=\"4029f6aa\" data-element_type=\"widget\" data-widget_type=\"text-editor.default\">\n\t\t\t\t<div class=\"elementor-widget-container\">\n\t\t\t\t\t\t\t\t\t<p>Esta limitaci\u00f3n de responsabilidad se aplica independientemente de si los da\u00f1os resultan de un incumplimiento de contrato, agravio (incluyendo negligencia) o cualquier otra teor\u00eda legal, incluso si M\u00fcnkel Online ha sido advertido de la posibilidad de tales da\u00f1os.<\/p>\t\t\t\t\t\t\t\t<\/div>\n\t\t\t\t<\/div>\n\t\t\t\t<div class=\"elementor-element elementor-element-71a9377b elementor-widget elementor-widget-heading\" data-id=\"71a9377b\" data-element_type=\"widget\" data-widget_type=\"heading.default\">\n\t\t\t\t<div class=\"elementor-widget-container\">\n\t\t\t\t\t<h2 class=\"elementor-heading-title elementor-size-default\">3. Enlaces y Contenido de Terceros<\/h2>\t\t\t\t<\/div>\n\t\t\t\t<\/div>\n\t\t\t\t<div class=\"elementor-element elementor-element-3983e1bf elementor-widget elementor-widget-text-editor\" data-id=\"3983e1bf\" data-element_type=\"widget\" data-widget_type=\"text-editor.default\">\n\t\t\t\t<div class=\"elementor-widget-container\">\n\t\t\t\t\t\t\t\t\t<p>El sitio web de M\u00fcnkel Online puede contener enlaces a sitios web o contenido de terceros. Estos enlaces se proporcionan para su comodidad, y M\u00fcnkel Online no controla ni respalda el contenido, pol\u00edticas o pr\u00e1cticas de estos terceros. Al utilizar dichos enlaces, usted reconoce y acepta que M\u00fcnkel Online no es responsable de ning\u00fan da\u00f1o o p\u00e9rdida derivada del uso de sitios o contenido de terceros.<\/p>\t\t\t\t\t\t\t\t<\/div>\n\t\t\t\t<\/div>\n\t\t\t\t<div class=\"elementor-element elementor-element-f894901 elementor-widget elementor-widget-heading\" data-id=\"f894901\" data-element_type=\"widget\" data-widget_type=\"heading.default\">\n\t\t\t\t<div class=\"elementor-widget-container\">\n\t\t\t\t\t<h2 class=\"elementor-heading-title elementor-size-default\">4. Uso de los Productos<\/h2>\t\t\t\t<\/div>\n\t\t\t\t<\/div>\n\t\t\t\t<div class=\"elementor-element elementor-element-c448dfb elementor-widget elementor-widget-text-editor\" data-id=\"c448dfb\" data-element_type=\"widget\" data-widget_type=\"text-editor.default\">\n\t\t\t\t<div class=\"elementor-widget-container\">\n\t\t\t\t\t\t\t\t\t<p>M\u00fcnkel Online no se hace responsable por el uso indebido o incorrecto de los productos comprados a trav\u00e9s del sitio web. Es su responsabilidad asegurarse de que los productos se utilicen de acuerdo con las instrucciones proporcionadas y consultar a un profesional de la salud si es necesario, especialmente en casos de condiciones preexistentes u otras preocupaciones de salud.<\/p>\t\t\t\t\t\t\t\t<\/div>\n\t\t\t\t<\/div>\n\t\t\t\t<div class=\"elementor-element elementor-element-4d778731 elementor-widget elementor-widget-heading\" data-id=\"4d778731\" data-element_type=\"widget\" data-widget_type=\"heading.default\">\n\t\t\t\t<div class=\"elementor-widget-container\">\n\t\t\t\t\t<h2 class=\"elementor-heading-title elementor-size-default\">5. Disponibilidad del Sitio Web<\/h2>\t\t\t\t<\/div>\n\t\t\t\t<\/div>\n\t\t\t\t<div class=\"elementor-element elementor-element-43d850ae elementor-widget elementor-widget-text-editor\" data-id=\"43d850ae\" data-element_type=\"widget\" data-widget_type=\"text-editor.default\">\n\t\t\t\t<div class=\"elementor-widget-container\">\n\t\t\t\t\t\t\t\t\t<p>Si bien M\u00fcnkel Online realiza esfuerzos razonables para garantizar que el sitio web est\u00e9 operativo, no garantizamos un acceso continuo e ininterrumpido al sitio. Pueden ocurrir tiempos de inactividad o interrupciones del sitio web debido a problemas t\u00e9cnicos, mantenimiento del sistema o circunstancias imprevistas, y M\u00fcnkel Online no se hace responsable de ning\u00fan inconveniente resultante, p\u00e9rdida de datos o interrupciones comerciales.<\/p>\t\t\t\t\t\t\t\t<\/div>\n\t\t\t\t<\/div>\n\t\t\t\t<div class=\"elementor-element elementor-element-504a6b48 elementor-widget elementor-widget-heading\" data-id=\"504a6b48\" data-element_type=\"widget\" data-widget_type=\"heading.default\">\n\t\t\t\t<div class=\"elementor-widget-container\">\n\t\t\t\t\t<h2 class=\"elementor-heading-title elementor-size-default\">6. Indemnizaci\u00f3n<\/h2>\t\t\t\t<\/div>\n\t\t\t\t<\/div>\n\t\t\t\t<div class=\"elementor-element elementor-element-78dfb30b elementor-widget elementor-widget-text-editor\" data-id=\"78dfb30b\" data-element_type=\"widget\" data-widget_type=\"text-editor.default\">\n\t\t\t\t<div class=\"elementor-widget-container\">\n\t\t\t\t\t\t\t\t\t<p>Usted acepta indemnizar, defender y mantener indemne a M\u00fcnkel Online, sus afiliados, directivos, empleados y agentes de cualquier reclamaci\u00f3n, p\u00e9rdida, da\u00f1o, responsabilidad o gasto (incluidos los honorarios legales) derivados del uso del sitio web, la violaci\u00f3n de estos t\u00e9rminos o la infracci\u00f3n de cualquier derecho de terceros.<\/p>\t\t\t\t\t\t\t\t<\/div>\n\t\t\t\t<\/div>\n\t\t\t\t<div class=\"elementor-element elementor-element-1ad767b1 elementor-widget elementor-widget-heading\" data-id=\"1ad767b1\" data-element_type=\"widget\" data-widget_type=\"heading.default\">\n\t\t\t\t<div class=\"elementor-widget-container\">\n\t\t\t\t\t<h2 class=\"elementor-heading-title elementor-size-default\">7. Governing Law<\/h2>\t\t\t\t<\/div>\n\t\t\t\t<\/div>\n\t\t\t\t<div class=\"elementor-element elementor-element-33cf9634 elementor-widget elementor-widget-text-editor\" data-id=\"33cf9634\" data-element_type=\"widget\" data-widget_type=\"text-editor.default\">\n\t\t\t\t<div class=\"elementor-widget-container\">\n\t\t\t\t\t\t\t\t\t<p>Este Descargo de Responsabilidad se rige e interpreta de acuerdo con las leyes del estado de Florida, sin tener en cuenta sus principios de conflicto de leyes. Cualquier disputa derivada de este Descargo de Responsabilidad estar\u00e1 sujeta a la jurisdicci\u00f3n exclusiva de los tribunales del condado de Miami-Dade.<\/p>\t\t\t\t\t\t\t\t<\/div>\n\t\t\t\t<\/div>\n\t\t\t\t<div class=\"elementor-element elementor-element-6dd6cab9 elementor-widget elementor-widget-heading\" data-id=\"6dd6cab9\" data-element_type=\"widget\" data-widget_type=\"heading.default\">\n\t\t\t\t<div class=\"elementor-widget-container\">\n\t\t\t\t\t<h2 class=\"elementor-heading-title elementor-size-default\">8. Cambios en el Aviso Legal<\/h2>\t\t\t\t<\/div>\n\t\t\t\t<\/div>\n\t\t\t\t<div class=\"elementor-element elementor-element-4eac102e elementor-widget elementor-widget-text-editor\" data-id=\"4eac102e\" data-element_type=\"widget\" data-widget_type=\"text-editor.default\">\n\t\t\t\t<div class=\"elementor-widget-container\">\n\t\t\t\t\t\t\t\t\t<p>M\u00fcnkel Online se reserva el derecho de modificar, enmendar o actualizar este Aviso de Responsabilidad en cualquier momento. Cualquier cambio se publicar\u00e1 en esta p\u00e1gina con una fecha de vigencia actualizada. El uso continuado del sitio web despu\u00e9s de dichos cambios indica su aceptaci\u00f3n del aviso legal revisado.<\/p>\t\t\t\t\t\t\t\t<\/div>\n\t\t\t\t<\/div>\n\t\t\t\t<\/div>\n\t\t\t\t\t<\/div>\n\t\t\t\t<\/div>\n\t\t\t\t<\/div>","protected":false},"excerpt":{"rendered":"<p>Disclaimer of Liability Content Effective Date: January 22, 2025 By accessing or using the Munkel Online website, you agree to the following terms and conditions. This Disclaimer of Liability outlines the limitations of Munkel Online\u2019s responsibility with respect to your use of the website and the products offered. 1. How We Collect Your Personal Information [&hellip;]<\/p>","protected":false},"author":1,"featured_media":0,"parent":0,"menu_order":0,"comment_status":"closed","ping_status":"closed","template":"","meta":{"_acf_changed":false,"inline_featured_image":false,"footnotes":""},"class_list":["post-5139","page","type-page","status-publish","hentry"],"acf":[],"_links":{"self":[{"href":"https:\/\/munkelonline.com\/es\/wp-json\/wp\/v2\/pages\/5139","targetHints":{"allow":["GET"]}}],"collection":[{"href":"https:\/\/munkelonline.com\/es\/wp-json\/wp\/v2\/pages"}],"about":[{"href":"https:\/\/munkelonline.com\/es\/wp-json\/wp\/v2\/types\/page"}],"author":[{"embeddable":true,"href":"https:\/\/munkelonline.com\/es\/wp-json\/wp\/v2\/users\/1"}],"replies":[{"embeddable":true,"href":"https:\/\/munkelonline.com\/es\/wp-json\/wp\/v2\/comments?post=5139"}],"version-history":[{"count":10,"href":"https:\/\/munkelonline.com\/es\/wp-json\/wp\/v2\/pages\/5139\/revisions"}],"predecessor-version":[{"id":6330,"href":"https:\/\/munkelonline.com\/es\/wp-json\/wp\/v2\/pages\/5139\/revisions\/6330"}],"wp:attachment":[{"href":"https:\/\/munkelonline.com\/es\/wp-json\/wp\/v2\/media?parent=5139"}],"curies":[{"name":"wp","href":"https:\/\/api.w.org\/{rel}","templated":true}]}}