{"id":756,"date":"2024-10-29T08:39:44","date_gmt":"2024-10-29T08:39:44","guid":{"rendered":"https:\/\/palegoldenrod-spider-453748.hostingersite.com\/?page_id=756"},"modified":"2024-10-29T10:38:33","modified_gmt":"2024-10-29T10:38:33","slug":"location-page","status":"publish","type":"page","link":"https:\/\/munkelonline.com\/es\/location-page\/","title":{"rendered":"location page"},"content":{"rendered":"<div data-elementor-type=\"wp-page\" data-elementor-id=\"756\" class=\"elementor elementor-756\" data-elementor-post-type=\"page\">\n\t\t\t\t<div class=\"elementor-element elementor-element-4b878ed e-flex e-con-boxed e-con e-parent\" data-id=\"4b878ed\" data-element_type=\"container\">\n\t\t\t\t\t<div class=\"e-con-inner\">\n\t\t\t\t<div class=\"elementor-element elementor-element-6855d1e elementor-widget elementor-widget-shortcode\" data-id=\"6855d1e\" data-element_type=\"widget\" data-widget_type=\"shortcode.default\">\n\t\t\t\t<div class=\"elementor-widget-container\">\n\t\t\t\t\t\t\t<div class=\"elementor-shortcode\">[taxonomy_checkboxes]<\/div>\n\t\t\t\t\t\t<\/div>\n\t\t\t\t<\/div>\n\t\t\t\t<div class=\"elementor-element elementor-element-7304722 elementor-grid-3 elementor-grid-tablet-2 elementor-grid-mobile-1 elementor-posts--thumbnail-top elementor-widget elementor-widget-posts\" data-id=\"7304722\" data-element_type=\"widget\" id=\"results\" data-settings=\"{&quot;classic_columns&quot;:&quot;3&quot;,&quot;classic_columns_tablet&quot;:&quot;2&quot;,&quot;classic_columns_mobile&quot;:&quot;1&quot;,&quot;classic_row_gap&quot;:{&quot;unit&quot;:&quot;px&quot;,&quot;size&quot;:35,&quot;sizes&quot;:[]},&quot;classic_row_gap_widescreen&quot;:{&quot;unit&quot;:&quot;px&quot;,&quot;size&quot;:&quot;&quot;,&quot;sizes&quot;:[]},&quot;classic_row_gap_laptop&quot;:{&quot;unit&quot;:&quot;px&quot;,&quot;size&quot;:&quot;&quot;,&quot;sizes&quot;:[]},&quot;classic_row_gap_tablet_extra&quot;:{&quot;unit&quot;:&quot;px&quot;,&quot;size&quot;:&quot;&quot;,&quot;sizes&quot;:[]},&quot;classic_row_gap_tablet&quot;:{&quot;unit&quot;:&quot;px&quot;,&quot;size&quot;:&quot;&quot;,&quot;sizes&quot;:[]},&quot;classic_row_gap_mobile_extra&quot;:{&quot;unit&quot;:&quot;px&quot;,&quot;size&quot;:&quot;&quot;,&quot;sizes&quot;:[]},&quot;classic_row_gap_mobile&quot;:{&quot;unit&quot;:&quot;px&quot;,&quot;size&quot;:&quot;&quot;,&quot;sizes&quot;:[]}}\" data-widget_type=\"posts.classic\">\n\t\t\t\t<div class=\"elementor-widget-container\">\n\t\t\t\t\t\t\t<div class=\"elementor-posts-container elementor-posts elementor-posts--skin-classic elementor-grid\" role=\"list\">\n\t\t\t\t<article class=\"elementor-post elementor-grid-item post-6884 location type-location status-publish has-post-thumbnail hentry distance-1km-to-5km distance-less-than-1km distance-more-than-5km\" role=\"listitem\">\n\t\t\t\t<a class=\"elementor-post__thumbnail__link\" href=\"https:\/\/munkelonline.com\/es\/location\/opticas-munkel-galeria-santo-domingo\/\" tabindex=\"-1\" >\n\t\t\t<div class=\"elementor-post__thumbnail\"><img fetchpriority=\"high\" decoding=\"async\" width=\"300\" height=\"241\" src=\"https:\/\/munkelonline.com\/wp-content\/uploads\/2024\/12\/Galeria-Santo-Domingo-300x241.jpg\" class=\"attachment-medium size-medium wp-image-6870\" alt=\"\" srcset=\"https:\/\/munkelonline.com\/wp-content\/uploads\/2024\/12\/Galeria-Santo-Domingo-300x241.jpg 300w, https:\/\/munkelonline.com\/wp-content\/uploads\/2024\/12\/Galeria-Santo-Domingo-1024x821.jpg 1024w, https:\/\/munkelonline.com\/wp-content\/uploads\/2024\/12\/Galeria-Santo-Domingo-768x616.jpg 768w, https:\/\/munkelonline.com\/wp-content\/uploads\/2024\/12\/Galeria-Santo-Domingo-15x12.jpg 15w, https:\/\/munkelonline.com\/wp-content\/uploads\/2024\/12\/Galeria-Santo-Domingo-1200x962.jpg 1200w, https:\/\/munkelonline.com\/wp-content\/uploads\/2024\/12\/Galeria-Santo-Domingo-64x51.jpg 64w, https:\/\/munkelonline.com\/wp-content\/uploads\/2024\/12\/Galeria-Santo-Domingo.jpg 1302w\" sizes=\"(max-width: 300px) 100vw, 300px\" \/><\/div>\n\t\t<\/a>\n\t\t\t\t<div class=\"elementor-post__text\">\n\t\t\t\t<h3 class=\"elementor-post__title\">\n\t\t\t<a href=\"https:\/\/munkelonline.com\/es\/location\/opticas-munkel-galeria-santo-domingo\/\" >\n\t\t\t\t\u00d3pticas M\u00fcnkel &#8211; Galeria Santo Domingo\t\t\t<\/a>\n\t\t<\/h3>\n\t\t\t\t<div class=\"elementor-post__meta-data\">\n\t\t\t\t\t<span class=\"elementor-post-date\">\n\t\t\tmarzo 28, 2025\t\t<\/span>\n\t\t\t\t<span class=\"elementor-post-avatar\">\n\t\t\tNo hay comentarios\t\t<\/span>\n\t\t\t\t<\/div>\n\t\t\t\t<div class=\"elementor-post__excerpt\">\n\t\t\t\t\t<\/div>\n\t\t\n\t\t<a class=\"elementor-post__read-more\" href=\"https:\/\/munkelonline.com\/es\/location\/opticas-munkel-galeria-santo-domingo\/\" aria-label=\"Read more about \u00d3pticas M\u00fcnkel &#8211; Galeria Santo Domingo\" tabindex=\"-1\" >\n\t\t\tRead More \u00bb\t\t<\/a>\n\n\t\t\t\t<\/div>\n\t\t\t\t<\/article>\n\t\t\t\t<article class=\"elementor-post elementor-grid-item post-6120 location type-location status-publish has-post-thumbnail hentry city-chinandega distance-1km-to-5km distance-less-than-1km distance-more-than-5km service-pickup\" role=\"listitem\">\n\t\t\t\t<a class=\"elementor-post__thumbnail__link\" href=\"https:\/\/munkelonline.com\/es\/location\/chinandega\/\" tabindex=\"-1\" >\n\t\t\t<div class=\"elementor-post__thumbnail\"><img decoding=\"async\" width=\"300\" height=\"225\" src=\"https:\/\/munkelonline.com\/wp-content\/uploads\/2025\/02\/Chinandega-2-300x225.png\" class=\"attachment-medium size-medium wp-image-6959\" alt=\"\" srcset=\"https:\/\/munkelonline.com\/wp-content\/uploads\/2025\/02\/Chinandega-2-300x225.png 300w, https:\/\/munkelonline.com\/wp-content\/uploads\/2025\/02\/Chinandega-2-1024x768.png 1024w, https:\/\/munkelonline.com\/wp-content\/uploads\/2025\/02\/Chinandega-2-768x576.png 768w, https:\/\/munkelonline.com\/wp-content\/uploads\/2025\/02\/Chinandega-2-1536x1152.png 1536w, https:\/\/munkelonline.com\/wp-content\/uploads\/2025\/02\/Chinandega-2-16x12.png 16w, https:\/\/munkelonline.com\/wp-content\/uploads\/2025\/02\/Chinandega-2-1200x900.png 1200w, https:\/\/munkelonline.com\/wp-content\/uploads\/2025\/02\/Chinandega-2-64x48.png 64w, https:\/\/munkelonline.com\/wp-content\/uploads\/2025\/02\/Chinandega-2.png 1600w\" sizes=\"(max-width: 300px) 100vw, 300px\" \/><\/div>\n\t\t<\/a>\n\t\t\t\t<div class=\"elementor-post__text\">\n\t\t\t\t<h3 class=\"elementor-post__title\">\n\t\t\t<a href=\"https:\/\/munkelonline.com\/es\/location\/chinandega\/\" >\n\t\t\t\t\u00d3pticas M\u00fcnkel &#8211; Chinandega CC La Colonia\t\t\t<\/a>\n\t\t<\/h3>\n\t\t\t\t<div class=\"elementor-post__meta-data\">\n\t\t\t\t\t<span class=\"elementor-post-date\">\n\t\t\tfebrero 22, 2025\t\t<\/span>\n\t\t\t\t<span class=\"elementor-post-avatar\">\n\t\t\tNo hay comentarios\t\t<\/span>\n\t\t\t\t<\/div>\n\t\t\t\t<div class=\"elementor-post__excerpt\">\n\t\t\t\t\t<\/div>\n\t\t\n\t\t<a class=\"elementor-post__read-more\" href=\"https:\/\/munkelonline.com\/es\/location\/chinandega\/\" aria-label=\"Read more about \u00d3pticas M\u00fcnkel &#8211; Chinandega CC La Colonia\" tabindex=\"-1\" >\n\t\t\tRead More \u00bb\t\t<\/a>\n\n\t\t\t\t<\/div>\n\t\t\t\t<\/article>\n\t\t\t\t<article class=\"elementor-post elementor-grid-item post-6117 location type-location status-publish has-post-thumbnail hentry city-rivas distance-1km-to-5km distance-less-than-1km distance-more-than-5km service-pickup\" role=\"listitem\">\n\t\t\t\t<a class=\"elementor-post__thumbnail__link\" href=\"https:\/\/munkelonline.com\/es\/location\/rivas-2\/\" tabindex=\"-1\" >\n\t\t\t<div class=\"elementor-post__thumbnail\"><img decoding=\"async\" width=\"300\" height=\"300\" src=\"https:\/\/munkelonline.com\/wp-content\/uploads\/2025\/02\/Rivas-300x300.png\" class=\"attachment-medium size-medium wp-image-6949\" alt=\"\" srcset=\"https:\/\/munkelonline.com\/wp-content\/uploads\/2025\/02\/Rivas-300x300.png 300w, https:\/\/munkelonline.com\/wp-content\/uploads\/2025\/02\/Rivas-1024x1024.png 1024w, https:\/\/munkelonline.com\/wp-content\/uploads\/2025\/02\/Rivas-150x150.png 150w, https:\/\/munkelonline.com\/wp-content\/uploads\/2025\/02\/Rivas-768x768.png 768w, https:\/\/munkelonline.com\/wp-content\/uploads\/2025\/02\/Rivas-1536x1536.png 1536w, https:\/\/munkelonline.com\/wp-content\/uploads\/2025\/02\/Rivas-12x12.png 12w, https:\/\/munkelonline.com\/wp-content\/uploads\/2025\/02\/Rivas-1200x1200.png 1200w, https:\/\/munkelonline.com\/wp-content\/uploads\/2025\/02\/Rivas-100x100.png 100w, https:\/\/munkelonline.com\/wp-content\/uploads\/2025\/02\/Rivas-50x50.png 50w, https:\/\/munkelonline.com\/wp-content\/uploads\/2025\/02\/Rivas-64x64.png 64w, https:\/\/munkelonline.com\/wp-content\/uploads\/2025\/02\/Rivas.png 1552w\" sizes=\"(max-width: 300px) 100vw, 300px\" \/><\/div>\n\t\t<\/a>\n\t\t\t\t<div class=\"elementor-post__text\">\n\t\t\t\t<h3 class=\"elementor-post__title\">\n\t\t\t<a href=\"https:\/\/munkelonline.com\/es\/location\/rivas-2\/\" >\n\t\t\t\t\u00d3pticas M\u00fcnkel &#8211; Rivas\t\t\t<\/a>\n\t\t<\/h3>\n\t\t\t\t<div class=\"elementor-post__meta-data\">\n\t\t\t\t\t<span class=\"elementor-post-date\">\n\t\t\tfebrero 22, 2025\t\t<\/span>\n\t\t\t\t<span class=\"elementor-post-avatar\">\n\t\t\tNo hay comentarios\t\t<\/span>\n\t\t\t\t<\/div>\n\t\t\t\t<div class=\"elementor-post__excerpt\">\n\t\t\t\t\t<\/div>\n\t\t\n\t\t<a class=\"elementor-post__read-more\" href=\"https:\/\/munkelonline.com\/es\/location\/rivas-2\/\" aria-label=\"Read more about \u00d3pticas M\u00fcnkel &#8211; Rivas\" tabindex=\"-1\" >\n\t\t\tRead More \u00bb\t\t<\/a>\n\n\t\t\t\t<\/div>\n\t\t\t\t<\/article>\n\t\t\t\t<article class=\"elementor-post elementor-grid-item post-6114 location type-location status-publish has-post-thumbnail hentry city-managua distance-1km-to-5km distance-less-than-1km distance-more-than-5km service-pickup\" role=\"listitem\">\n\t\t\t\t<a class=\"elementor-post__thumbnail__link\" href=\"https:\/\/munkelonline.com\/es\/location\/metrocentro\/\" tabindex=\"-1\" >\n\t\t\t<div class=\"elementor-post__thumbnail\"><img loading=\"lazy\" decoding=\"async\" width=\"300\" height=\"200\" src=\"https:\/\/munkelonline.com\/wp-content\/uploads\/2025\/02\/Metro-300x200.jpg\" class=\"attachment-medium size-medium wp-image-6896\" alt=\"\" srcset=\"https:\/\/munkelonline.com\/wp-content\/uploads\/2025\/02\/Metro-300x200.jpg 300w, https:\/\/munkelonline.com\/wp-content\/uploads\/2025\/02\/Metro-768x512.jpg 768w, https:\/\/munkelonline.com\/wp-content\/uploads\/2025\/02\/Metro-18x12.jpg 18w, https:\/\/munkelonline.com\/wp-content\/uploads\/2025\/02\/Metro-64x43.jpg 64w, https:\/\/munkelonline.com\/wp-content\/uploads\/2025\/02\/Metro.jpg 1000w\" sizes=\"(max-width: 300px) 100vw, 300px\" \/><\/div>\n\t\t<\/a>\n\t\t\t\t<div class=\"elementor-post__text\">\n\t\t\t\t<h3 class=\"elementor-post__title\">\n\t\t\t<a href=\"https:\/\/munkelonline.com\/es\/location\/metrocentro\/\" >\n\t\t\t\t\u00d3pticas M\u00fcnkel &#8211; Metrocentro\t\t\t<\/a>\n\t\t<\/h3>\n\t\t\t\t<div class=\"elementor-post__meta-data\">\n\t\t\t\t\t<span class=\"elementor-post-date\">\n\t\t\tfebrero 22, 2025\t\t<\/span>\n\t\t\t\t<span class=\"elementor-post-avatar\">\n\t\t\tNo hay comentarios\t\t<\/span>\n\t\t\t\t<\/div>\n\t\t\t\t<div class=\"elementor-post__excerpt\">\n\t\t\t\t\t<\/div>\n\t\t\n\t\t<a class=\"elementor-post__read-more\" href=\"https:\/\/munkelonline.com\/es\/location\/metrocentro\/\" aria-label=\"Read more about \u00d3pticas M\u00fcnkel &#8211; Metrocentro\" tabindex=\"-1\" >\n\t\t\tRead More \u00bb\t\t<\/a>\n\n\t\t\t\t<\/div>\n\t\t\t\t<\/article>\n\t\t\t\t<article class=\"elementor-post elementor-grid-item post-6110 location type-location status-publish has-post-thumbnail hentry city-leon service-pickup\" role=\"listitem\">\n\t\t\t\t<a class=\"elementor-post__thumbnail__link\" href=\"https:\/\/munkelonline.com\/es\/location\/leon-2-2\/\" tabindex=\"-1\" >\n\t\t\t<div class=\"elementor-post__thumbnail\"><img loading=\"lazy\" decoding=\"async\" width=\"300\" height=\"178\" src=\"https:\/\/munkelonline.com\/wp-content\/uploads\/2025\/02\/Leon-2-300x178.png\" class=\"attachment-medium size-medium wp-image-6936\" alt=\"\" srcset=\"https:\/\/munkelonline.com\/wp-content\/uploads\/2025\/02\/Leon-2-300x178.png 300w, https:\/\/munkelonline.com\/wp-content\/uploads\/2025\/02\/Leon-2-1024x607.png 1024w, https:\/\/munkelonline.com\/wp-content\/uploads\/2025\/02\/Leon-2-768x455.png 768w, https:\/\/munkelonline.com\/wp-content\/uploads\/2025\/02\/Leon-2-1536x910.png 1536w, https:\/\/munkelonline.com\/wp-content\/uploads\/2025\/02\/Leon-2-18x12.png 18w, https:\/\/munkelonline.com\/wp-content\/uploads\/2025\/02\/Leon-2-1200x711.png 1200w, https:\/\/munkelonline.com\/wp-content\/uploads\/2025\/02\/Leon-2-64x38.png 64w, https:\/\/munkelonline.com\/wp-content\/uploads\/2025\/02\/Leon-2.png 1600w\" sizes=\"(max-width: 300px) 100vw, 300px\" \/><\/div>\n\t\t<\/a>\n\t\t\t\t<div class=\"elementor-post__text\">\n\t\t\t\t<h3 class=\"elementor-post__title\">\n\t\t\t<a href=\"https:\/\/munkelonline.com\/es\/location\/leon-2-2\/\" >\n\t\t\t\t\u00d3pticas M\u00fcnkel &#8211; Le\u00f3n 2\t\t\t<\/a>\n\t\t<\/h3>\n\t\t\t\t<div class=\"elementor-post__meta-data\">\n\t\t\t\t\t<span class=\"elementor-post-date\">\n\t\t\tfebrero 22, 2025\t\t<\/span>\n\t\t\t\t<span class=\"elementor-post-avatar\">\n\t\t\tNo hay comentarios\t\t<\/span>\n\t\t\t\t<\/div>\n\t\t\t\t<div class=\"elementor-post__excerpt\">\n\t\t\t\t\t<\/div>\n\t\t\n\t\t<a class=\"elementor-post__read-more\" href=\"https:\/\/munkelonline.com\/es\/location\/leon-2-2\/\" aria-label=\"Read more about \u00d3pticas M\u00fcnkel &#8211; Le\u00f3n 2\" tabindex=\"-1\" >\n\t\t\tRead More \u00bb\t\t<\/a>\n\n\t\t\t\t<\/div>\n\t\t\t\t<\/article>\n\t\t\t\t<article class=\"elementor-post elementor-grid-item post-6105 location type-location status-publish has-post-thumbnail hentry city-leon distance-1km-to-5km distance-less-than-1km distance-more-than-5km service-pickup\" role=\"listitem\">\n\t\t\t\t<a class=\"elementor-post__thumbnail__link\" href=\"https:\/\/munkelonline.com\/es\/location\/leon-2\/\" tabindex=\"-1\" >\n\t\t\t<div class=\"elementor-post__thumbnail\"><img loading=\"lazy\" decoding=\"async\" width=\"300\" height=\"140\" src=\"https:\/\/munkelonline.com\/wp-content\/uploads\/2025\/02\/Leon-1-300x140.jpg\" class=\"attachment-medium size-medium wp-image-6848\" alt=\"\" srcset=\"https:\/\/munkelonline.com\/wp-content\/uploads\/2025\/02\/Leon-1-300x140.jpg 300w, https:\/\/munkelonline.com\/wp-content\/uploads\/2025\/02\/Leon-1-1024x476.jpg 1024w, https:\/\/munkelonline.com\/wp-content\/uploads\/2025\/02\/Leon-1-768x357.jpg 768w, https:\/\/munkelonline.com\/wp-content\/uploads\/2025\/02\/Leon-1-1536x715.jpg 1536w, https:\/\/munkelonline.com\/wp-content\/uploads\/2025\/02\/Leon-1-18x8.jpg 18w, https:\/\/munkelonline.com\/wp-content\/uploads\/2025\/02\/Leon-1-1200x558.jpg 1200w, https:\/\/munkelonline.com\/wp-content\/uploads\/2025\/02\/Leon-1-64x30.jpg 64w, https:\/\/munkelonline.com\/wp-content\/uploads\/2025\/02\/Leon-1.jpg 1599w\" sizes=\"(max-width: 300px) 100vw, 300px\" \/><\/div>\n\t\t<\/a>\n\t\t\t\t<div class=\"elementor-post__text\">\n\t\t\t\t<h3 class=\"elementor-post__title\">\n\t\t\t<a href=\"https:\/\/munkelonline.com\/es\/location\/leon-2\/\" >\n\t\t\t\t\u00d3pticas M\u00fcnkel &#8211; Le\u00f3n\t\t\t<\/a>\n\t\t<\/h3>\n\t\t\t\t<div class=\"elementor-post__meta-data\">\n\t\t\t\t\t<span class=\"elementor-post-date\">\n\t\t\tfebrero 22, 2025\t\t<\/span>\n\t\t\t\t<span class=\"elementor-post-avatar\">\n\t\t\tNo hay comentarios\t\t<\/span>\n\t\t\t\t<\/div>\n\t\t\t\t<div class=\"elementor-post__excerpt\">\n\t\t\t\t\t<\/div>\n\t\t\n\t\t<a class=\"elementor-post__read-more\" href=\"https:\/\/munkelonline.com\/es\/location\/leon-2\/\" aria-label=\"Read more about \u00d3pticas M\u00fcnkel &#8211; Le\u00f3n\" tabindex=\"-1\" >\n\t\t\tRead More \u00bb\t\t<\/a>\n\n\t\t\t\t<\/div>\n\t\t\t\t<\/article>\n\t\t\t\t<\/div>\n\t\t\n\t\t\t\t\t\t<\/div>\n\t\t\t\t<\/div>\n\t\t\t\t\t<\/div>\n\t\t\t\t<\/div>\n\t\t\t\t<\/div>","protected":false},"excerpt":{"rendered":"<p>[taxonomy_checkboxes]<\/p>","protected":false},"author":1,"featured_media":0,"parent":0,"menu_order":0,"comment_status":"closed","ping_status":"closed","template":"","meta":{"_acf_changed":false,"inline_featured_image":false,"footnotes":""},"class_list":["post-756","page","type-page","status-publish","hentry"],"acf":[],"_links":{"self":[{"href":"https:\/\/munkelonline.com\/es\/wp-json\/wp\/v2\/pages\/756","targetHints":{"allow":["GET"]}}],"collection":[{"href":"https:\/\/munkelonline.com\/es\/wp-json\/wp\/v2\/pages"}],"about":[{"href":"https:\/\/munkelonline.com\/es\/wp-json\/wp\/v2\/types\/page"}],"author":[{"embeddable":true,"href":"https:\/\/munkelonline.com\/es\/wp-json\/wp\/v2\/users\/1"}],"replies":[{"embeddable":true,"href":"https:\/\/munkelonline.com\/es\/wp-json\/wp\/v2\/comments?post=756"}],"version-history":[{"count":34,"href":"https:\/\/munkelonline.com\/es\/wp-json\/wp\/v2\/pages\/756\/revisions"}],"predecessor-version":[{"id":819,"href":"https:\/\/munkelonline.com\/es\/wp-json\/wp\/v2\/pages\/756\/revisions\/819"}],"wp:attachment":[{"href":"https:\/\/munkelonline.com\/es\/wp-json\/wp\/v2\/media?parent=756"}],"curies":[{"name":"wp","href":"https:\/\/api.w.org\/{rel}","templated":true}]}}