{"id":1886,"date":"2024-12-08T16:54:21","date_gmt":"2024-12-08T16:54:21","guid":{"rendered":"https:\/\/palegoldenrod-spider-453748.hostingersite.com\/?post_type=product&#038;p=1886"},"modified":"2025-08-27T21:18:21","modified_gmt":"2025-08-27T21:18:21","slug":"standard-bundle","status":"publish","type":"product","link":"https:\/\/munkelonline.com\/es\/producto\/standard-bundle\/","title":{"rendered":"Paquete Est\u00e1ndar"},"content":{"rendered":"<div data-elementor-type=\"product-post\" data-elementor-id=\"1886\" class=\"elementor elementor-1886\" data-elementor-post-type=\"product\">\n\t\t\t\t<div class=\"elementor-element elementor-element-3c90bb2 e-flex e-con-boxed e-con e-parent\" data-id=\"3c90bb2\" data-element_type=\"container\">\n\t\t\t\t\t<div class=\"e-con-inner\">\n\t\t\t\t<div class=\"elementor-element elementor-element-2ebca31f elementor-widget elementor-widget-text-editor\" data-id=\"2ebca31f\" data-element_type=\"widget\" data-widget_type=\"text-editor.default\">\n\t\t\t\t<div class=\"elementor-widget-container\">\n\t\t\t\t\t\t\t\t\t<p>Lentes recetados de alta calidad, dise\u00f1ados para adaptarse a las necesidades visuales de tus seres queridos.<br \/>Incluye:<\/p><ul><li>Examen de la vista.<\/li><li>Monturas Est\u00e1ndar: Megan, Verona, Actuale, Divari, Cabassi, 4U, Best View, Kiamil, Boloco, Peachtree, Bonnet, Prestige.<\/li><li>Lentes: Monofocal o Bifocal.<\/li><li>Retiro gratis en cualquiera de las m\u00e1s de 40 sucursales de \u00d3pticas M\u00fcnkel en toda Nicaragua.<\/li><\/ul><p><em><b>Nota: <\/b>Las monturas mostradas en las im\u00e1genes son \u00fanicamente de referencia. La selecci\u00f3n real de monturas estar\u00e1 disponible para que el beneficiario la elija directamente en la \u00f3ptica.<\/em><\/p><div><p><em>Si el beneficiario desea agregar alg\u00fan extra a sus lentes (como lentes transition o antirreflejante), puede hacerlo pagando la diferencia directamente en \u00d3pticas M\u00fcnkel.<\/em><\/p><\/div>\t\t\t\t\t\t\t\t<\/div>\n\t\t\t\t<\/div>\n\t\t\t\t\t<\/div>\n\t\t\t\t<\/div>\n\t\t\t\t<\/div>","protected":false},"excerpt":{"rendered":"<p>Paquete Est\u00e1ndar: Incluye examen de la vista, monturas est\u00e1ndar y lentes monofocales o bifocales.<\/p>","protected":false},"featured_media":8116,"template":"","meta":{"_acf_changed":false,"inline_featured_image":false},"frame-color":[],"product_brand":[116,113,117,119,121,115,114,118,111,120,122,112],"product_cat":[73],"product_tag":[],"class_list":{"0":"post-1886","1":"product","2":"type-product","3":"status-publish","4":"has-post-thumbnail","6":"product_brand-4u","7":"product_brand-actuale","8":"product_brand-best-view","9":"product_brand-boloco","10":"product_brand-bonnet","11":"product_brand-cabassi","12":"product_brand-divari","13":"product_brand-kiamil","14":"product_brand-megan","15":"product_brand-peachtree","16":"product_brand-prestige","17":"product_brand-verona","18":"product_cat-package","20":"first","21":"instock","22":"shipping-taxable","23":"purchasable","24":"product-type-simple"},"acf":[],"_links":{"self":[{"href":"https:\/\/munkelonline.com\/es\/wp-json\/wp\/v2\/product\/1886","targetHints":{"allow":["GET"]}}],"collection":[{"href":"https:\/\/munkelonline.com\/es\/wp-json\/wp\/v2\/product"}],"about":[{"href":"https:\/\/munkelonline.com\/es\/wp-json\/wp\/v2\/types\/product"}],"version-history":[{"count":14,"href":"https:\/\/munkelonline.com\/es\/wp-json\/wp\/v2\/product\/1886\/revisions"}],"predecessor-version":[{"id":8209,"href":"https:\/\/munkelonline.com\/es\/wp-json\/wp\/v2\/product\/1886\/revisions\/8209"}],"wp:featuredmedia":[{"embeddable":true,"href":"https:\/\/munkelonline.com\/es\/wp-json\/wp\/v2\/media\/8116"}],"wp:attachment":[{"href":"https:\/\/munkelonline.com\/es\/wp-json\/wp\/v2\/media?parent=1886"}],"wp:term":[{"taxonomy":"frame-color","embeddable":true,"href":"https:\/\/munkelonline.com\/es\/wp-json\/wp\/v2\/frame-color?post=1886"},{"taxonomy":"product_brand","embeddable":true,"href":"https:\/\/munkelonline.com\/es\/wp-json\/wp\/v2\/product_brand?post=1886"},{"taxonomy":"product_cat","embeddable":true,"href":"https:\/\/munkelonline.com\/es\/wp-json\/wp\/v2\/product_cat?post=1886"},{"taxonomy":"product_tag","embeddable":true,"href":"https:\/\/munkelonline.com\/es\/wp-json\/wp\/v2\/product_tag?post=1886"}],"curies":[{"name":"wp","href":"https:\/\/api.w.org\/{rel}","templated":true}]}}