{"id":1894,"date":"2024-12-08T17:10:14","date_gmt":"2024-12-08T17:10:14","guid":{"rendered":"https:\/\/palegoldenrod-spider-453748.hostingersite.com\/?post_type=product&#038;p=1894"},"modified":"2026-04-14T15:04:23","modified_gmt":"2026-04-14T15:04:23","slug":"medium-bundle","status":"publish","type":"product","link":"https:\/\/munkelonline.com\/es\/producto\/medium-bundle\/","title":{"rendered":"Paquete Medio"},"content":{"rendered":"<p>Lentes recetados de alta calidad, dise\u00f1ados para adaptarse a las necesidades visuales de tus seres queridos.<br \/>\nIncluye:<\/p>\n<ul>\n<li>Examen de la vista.<\/li>\n<li class=\"translation-block\">Monturas Est\u00e1ndar: Megan, Verona, Actuale, Divari, Cabassi, 4U, Best View, Kiamil, Boloco, Peachtree, Bonnet, Prestige.<\/li>\n<li>Monturas Intermedias: Dubros, M\u00fcnkel, Weekend, Shaquille O\u2019Neal, Season,<br \/>\nTotto, Exclusive.<\/li>\n<li>Monofocal, Bifocal o Progresivo B\u00e1sico.<\/li>\n<\/ul>\n<p><em><b>Nota: <\/b>Las monturas mostradas en las im\u00e1genes son \u00fanicamente de referencia. La selecci\u00f3n real de monturas estar\u00e1 disponible para que el beneficiario la elija directamente en la \u00f3ptica.<\/em><\/p>\n<p><em>Si el beneficiario desea agregar alg\u00fan extra a sus lentes (como lentes transition o antirreflejante), puede hacerlo pagando la diferencia directamente en \u00d3pticas M\u00fcnkel.<\/em><\/p>","protected":false},"excerpt":{"rendered":"<p>Paquete Medio: Examen de la vista, monturas est\u00e1ndar e intermedias, adem\u00e1s de lentes monofocales, bifocales o progresivos b\u00e1sicos. Ideal para el uso diario.<\/p>","protected":false},"featured_media":8128,"template":"","meta":{"_acf_changed":false,"inline_featured_image":false},"frame-color":[],"product_brand":[113,114,129,130,122,126],"product_cat":[58,73,59,60],"product_tag":[],"class_list":{"0":"post-1894","1":"product","2":"type-product","3":"status-publish","4":"has-post-thumbnail","6":"product_brand-actuale","7":"product_brand-divari","8":"product_brand-pepe-jeans","9":"product_brand-perry-ellis","10":"product_brand-prestige","11":"product_brand-season","12":"product_cat-flexible-plastic","13":"product_cat-package","14":"product_cat-polarized","15":"product_cat-uv-protection","17":"first","18":"instock","19":"shipping-taxable","20":"purchasable","21":"product-type-simple"},"acf":[],"_links":{"self":[{"href":"https:\/\/munkelonline.com\/es\/wp-json\/wp\/v2\/product\/1894","targetHints":{"allow":["GET"]}}],"collection":[{"href":"https:\/\/munkelonline.com\/es\/wp-json\/wp\/v2\/product"}],"about":[{"href":"https:\/\/munkelonline.com\/es\/wp-json\/wp\/v2\/types\/product"}],"version-history":[{"count":7,"href":"https:\/\/munkelonline.com\/es\/wp-json\/wp\/v2\/product\/1894\/revisions"}],"predecessor-version":[{"id":8165,"href":"https:\/\/munkelonline.com\/es\/wp-json\/wp\/v2\/product\/1894\/revisions\/8165"}],"wp:featuredmedia":[{"embeddable":true,"href":"https:\/\/munkelonline.com\/es\/wp-json\/wp\/v2\/media\/8128"}],"wp:attachment":[{"href":"https:\/\/munkelonline.com\/es\/wp-json\/wp\/v2\/media?parent=1894"}],"wp:term":[{"taxonomy":"frame-color","embeddable":true,"href":"https:\/\/munkelonline.com\/es\/wp-json\/wp\/v2\/frame-color?post=1894"},{"taxonomy":"product_brand","embeddable":true,"href":"https:\/\/munkelonline.com\/es\/wp-json\/wp\/v2\/product_brand?post=1894"},{"taxonomy":"product_cat","embeddable":true,"href":"https:\/\/munkelonline.com\/es\/wp-json\/wp\/v2\/product_cat?post=1894"},{"taxonomy":"product_tag","embeddable":true,"href":"https:\/\/munkelonline.com\/es\/wp-json\/wp\/v2\/product_tag?post=1894"}],"curies":[{"name":"wp","href":"https:\/\/api.w.org\/{rel}","templated":true}]}}