{"id":1902,"date":"2024-12-08T17:10:48","date_gmt":"2024-12-08T17:10:48","guid":{"rendered":"https:\/\/palegoldenrod-spider-453748.hostingersite.com\/?post_type=product&#038;p=1902"},"modified":"2026-04-14T15:03:48","modified_gmt":"2026-04-14T15:03:48","slug":"plus-bundle","status":"publish","type":"product","link":"https:\/\/munkelonline.com\/es\/producto\/plus-bundle\/","title":{"rendered":"Paquete Plus"},"content":{"rendered":"<p>Lentes recetados de alta calidad, dise\u00f1ados para adaptarse a las necesidades visuales de tus seres queridos.<br \/>\nIncluye:<\/p>\n<ul>\n<li>Examen de la vista.<\/li>\n<li class=\"translation-block\">Monturas Est\u00e1ndar: Megan, Verona, Actuale, Divari, Cabassi, 4U, Best View, Kiamil, Boloco, Peachtree, Bonnet, Prestige.<\/li>\n<li>Monturas Intermedias: Dubros, M\u00fcnkel, Weekend, Shaquille O\u2019Neal, Season, Totto, Exclusive.<\/li>\n<li>Monturas Premium: Pepe Jeans, Perry Ellis, Fila, Penguin.<\/li>\n<li>Lentes: Monofocales, Bifocales, Progresivos MK.<\/li>\n<li>Retiro gratis en cualquiera de las m\u00e1s de 40 sucursales de \u00d3pticas M\u00fcnkel en toda Nicaragua.<\/li>\n<\/ul>\n<div><\/div>\n<p><em><b>Nota: <\/b>Las monturas mostradas en las im\u00e1genes son \u00fanicamente de referencia. La selecci\u00f3n real de monturas estar\u00e1 disponible para que el beneficiario la elija directamente en la \u00f3ptica.<\/em><\/p>\n<p><em>Si el beneficiario desea agregar alg\u00fan extra a sus lentes (como lentes transition o antirreflejante), puede hacerlo pagando la diferencia directamente en \u00d3pticas M\u00fcnkel.<\/em><\/p>","protected":false},"excerpt":{"rendered":"<p>Paquete Plus: Cuidado visual integral con examen de la vista, monturas est\u00e1ndar, intermedias y premium, adem\u00e1s de opciones avanzadas de lentes.<\/p>","protected":false},"featured_media":8131,"template":"","meta":{"_acf_changed":false,"inline_featured_image":false},"frame-color":[],"product_brand":[113,117,119,121,115,114,129,130,122],"product_cat":[58,73,59,60],"product_tag":[],"class_list":{"0":"post-1902","1":"product","2":"type-product","3":"status-publish","4":"has-post-thumbnail","6":"product_brand-actuale","7":"product_brand-best-view","8":"product_brand-boloco","9":"product_brand-bonnet","10":"product_brand-cabassi","11":"product_brand-divari","12":"product_brand-pepe-jeans","13":"product_brand-perry-ellis","14":"product_brand-prestige","15":"product_cat-flexible-plastic","16":"product_cat-package","17":"product_cat-polarized","18":"product_cat-uv-protection","20":"first","21":"instock","22":"shipping-taxable","23":"purchasable","24":"product-type-simple"},"acf":[],"_links":{"self":[{"href":"https:\/\/munkelonline.com\/es\/wp-json\/wp\/v2\/product\/1902","targetHints":{"allow":["GET"]}}],"collection":[{"href":"https:\/\/munkelonline.com\/es\/wp-json\/wp\/v2\/product"}],"about":[{"href":"https:\/\/munkelonline.com\/es\/wp-json\/wp\/v2\/types\/product"}],"version-history":[{"count":9,"href":"https:\/\/munkelonline.com\/es\/wp-json\/wp\/v2\/product\/1902\/revisions"}],"predecessor-version":[{"id":8163,"href":"https:\/\/munkelonline.com\/es\/wp-json\/wp\/v2\/product\/1902\/revisions\/8163"}],"wp:featuredmedia":[{"embeddable":true,"href":"https:\/\/munkelonline.com\/es\/wp-json\/wp\/v2\/media\/8131"}],"wp:attachment":[{"href":"https:\/\/munkelonline.com\/es\/wp-json\/wp\/v2\/media?parent=1902"}],"wp:term":[{"taxonomy":"frame-color","embeddable":true,"href":"https:\/\/munkelonline.com\/es\/wp-json\/wp\/v2\/frame-color?post=1902"},{"taxonomy":"product_brand","embeddable":true,"href":"https:\/\/munkelonline.com\/es\/wp-json\/wp\/v2\/product_brand?post=1902"},{"taxonomy":"product_cat","embeddable":true,"href":"https:\/\/munkelonline.com\/es\/wp-json\/wp\/v2\/product_cat?post=1902"},{"taxonomy":"product_tag","embeddable":true,"href":"https:\/\/munkelonline.com\/es\/wp-json\/wp\/v2\/product_tag?post=1902"}],"curies":[{"name":"wp","href":"https:\/\/api.w.org\/{rel}","templated":true}]}}