{"id":1919,"date":"2024-12-08T17:12:41","date_gmt":"2024-12-08T17:12:41","guid":{"rendered":"https:\/\/palegoldenrod-spider-453748.hostingersite.com\/?post_type=product&#038;p=1919"},"modified":"2025-07-09T02:16:11","modified_gmt":"2025-07-09T02:16:11","slug":"contact-lens-package","status":"publish","type":"product","link":"https:\/\/munkelonline.com\/es\/producto\/contact-lens-package\/","title":{"rendered":"Paquete Lentes de Contacto"},"content":{"rendered":"<ul>\n<li>Los lentes de contacto son lentes delgadas y curvadas que descansan sobre la pel\u00edcula lagrimal que cubre la superficie del ojo. Est\u00e1n disponibles en una opci\u00f3n transparente con prescripci\u00f3n.<\/li>\n<li><strong>Lentes de Contacto con Receta (Transparentes): <\/strong>Marca OASYS, dise\u00f1ados para personas con miop\u00eda (\u20130.75 a \u201312.00) y con hipermetrop\u00eda (+0.75 a +12.00).<\/li>\n<li>Todos los lentes son desechables para mayor comodidad e higiene.<\/li>\n<\/ul>","protected":false},"excerpt":{"rendered":"<p>Paquete de Lentes de Contacto: Lentes de contacto suaves, de uso prolongado o desechables de alta calidad para una visi\u00f3n clara y comodidad.<\/p>","protected":false},"featured_media":6048,"template":"","meta":{"_acf_changed":false,"inline_featured_image":false},"frame-color":[136,134,135,133],"product_brand":[],"product_cat":[56,58,73,59,60],"product_tag":[],"class_list":{"0":"post-1919","1":"product","2":"type-product","3":"status-publish","4":"has-post-thumbnail","6":"frame-color-blue","7":"frame-color-brown","8":"frame-color-gray","9":"frame-color-honey","10":"product_cat-bifocal","11":"product_cat-flexible-plastic","12":"product_cat-package","13":"product_cat-polarized","14":"product_cat-uv-protection","16":"first","17":"instock","18":"shipping-taxable","19":"purchasable","20":"product-type-variable","21":"has-default-attributes"},"acf":[],"_links":{"self":[{"href":"https:\/\/munkelonline.com\/es\/wp-json\/wp\/v2\/product\/1919","targetHints":{"allow":["GET"]}}],"collection":[{"href":"https:\/\/munkelonline.com\/es\/wp-json\/wp\/v2\/product"}],"about":[{"href":"https:\/\/munkelonline.com\/es\/wp-json\/wp\/v2\/types\/product"}],"version-history":[{"count":7,"href":"https:\/\/munkelonline.com\/es\/wp-json\/wp\/v2\/product\/1919\/revisions"}],"predecessor-version":[{"id":7703,"href":"https:\/\/munkelonline.com\/es\/wp-json\/wp\/v2\/product\/1919\/revisions\/7703"}],"wp:featuredmedia":[{"embeddable":true,"href":"https:\/\/munkelonline.com\/es\/wp-json\/wp\/v2\/media\/6048"}],"wp:attachment":[{"href":"https:\/\/munkelonline.com\/es\/wp-json\/wp\/v2\/media?parent=1919"}],"wp:term":[{"taxonomy":"frame-color","embeddable":true,"href":"https:\/\/munkelonline.com\/es\/wp-json\/wp\/v2\/frame-color?post=1919"},{"taxonomy":"product_brand","embeddable":true,"href":"https:\/\/munkelonline.com\/es\/wp-json\/wp\/v2\/product_brand?post=1919"},{"taxonomy":"product_cat","embeddable":true,"href":"https:\/\/munkelonline.com\/es\/wp-json\/wp\/v2\/product_cat?post=1919"},{"taxonomy":"product_tag","embeddable":true,"href":"https:\/\/munkelonline.com\/es\/wp-json\/wp\/v2\/product_tag?post=1919"}],"curies":[{"name":"wp","href":"https:\/\/api.w.org\/{rel}","templated":true}]}}